{"id":32903,"date":"2023-03-16T09:42:19","date_gmt":"2023-03-16T08:42:19","guid":{"rendered":"https:\/\/aceitescazorla.com\/producto\/gran-seleccion-2024-pack\/"},"modified":"2026-02-19T14:38:29","modified_gmt":"2026-02-19T13:38:29","slug":"gran-seleccion-2024-pack","status":"publish","type":"product","link":"https:\/\/aceitescazorla.com\/en\/producto\/gran-seleccion-2024-pack\/","title":{"rendered":"Gran Selecci\u00f3n Pack"},"content":{"rendered":"\t\t<div data-elementor-type=\"product-post\" data-elementor-id=\"32903\" class=\"elementor elementor-32903 elementor-21400\" data-elementor-post-type=\"product\">\n\t\t\t\t\t\t<section class=\"elementor-section elementor-top-section elementor-element elementor-element-3570beb2 elementor-section-boxed elementor-section-height-default elementor-section-height-default\" data-id=\"3570beb2\" data-element_type=\"section\" data-e-type=\"section\">\n\t\t\t\t\t\t<div class=\"elementor-container elementor-column-gap-default\">\n\t\t\t\t\t<div class=\"elementor-column elementor-col-100 elementor-top-column elementor-element elementor-element-22907f21\" data-id=\"22907f21\" data-element_type=\"column\" data-e-type=\"column\">\n\t\t\t<div class=\"elementor-widget-wrap elementor-element-populated\">\n\t\t\t\t\t\t<div class=\"elementor-element elementor-element-47747769 elementor-widget__width-initial elementor-widget elementor-widget-text-editor\" data-id=\"47747769\" data-element_type=\"widget\" data-e-type=\"widget\" data-widget_type=\"text-editor.default\">\n\t\t\t\t\t\t\t\t\t<p>MAXIMUM QUALITY AND FLAVOR IN THIS BOX!<\/p>\n<p>Ideal for <strong>true lovers of AOVE&#8217;s<\/strong> &#8220;Gran Selecci\u00f3n&#8221;.<\/p>\n<p>Thanks to its presentation, it is perfect for <strong>GIFT GIVING.<\/strong><\/p>\n<p>The pack includes the following<strong>&#8220;PREMIUM<\/strong>&#8221; products:<\/p>\n<ul>\n<li>\n<p><strong>1 bottle<\/strong> of 500 ml of<strong> Royal Gran Selecci\u00f3n<\/strong> &#8220;Cosecha Temprana&#8221; Extra Virgin Olive Oil,<\/p>\n<\/li>\n<li>\n<p><strong>1 botella<\/strong> de 500ml de Aceite de Oliva Virgen Extra <strong>Picual Gran selecci\u00f3n<\/strong> \u201cCosecha Temprana\u201d,<\/p>\n<\/li>\n<li>\n<p><strong>1 bottle<\/strong> of 500 ml of <strong>Organic<\/strong> Extra Virgin Olive Oil <strong>Gran Selecci\u00f3n &#8220;<\/strong> Early Harvest&#8221;.<\/p>\n<\/li>\n<\/ul>\n<p><b>100% natural juice: <\/b><span style=\"font-weight: 400;\">Our Extra Virgin Olive Oils come from centuries-old olive groves located at the foot of one of the largest parks in Europe.<\/span><\/p>\n<p>In the 2022-2023 campaign, 10 kilos of olives were needed to obtain one liter.&nbsp;<\/p>\n<p>In this 2023-2024 campaign, due to low yields, i.e. the low amount of fat contained in the olives, <b>14 kilos <\/b>were needed to obtain one liter of these delicacies harvested in October.&nbsp;<\/p>\n<p><b>WHY IS ITS QUALITY SO EXTRA?&nbsp;<\/b><\/p>\n<p><span style=\"font-weight: 400;\">-&gt;<strong>From the first cold extraction<\/strong>, this oil has a <strong>degree of acidity of less than 0.4\u00baC.<\/strong><\/span><\/p>\n<p><span style=\"font-weight: 400;\">-&gt;<strong>From the tree to your table<\/strong>: our oils are produced in less than <strong>2 hours<\/strong> from harvesting.<\/span><\/p>\n<p><span style=\"font-weight: 400;\">-&gt;Our <strong>location, our mountains, soil and altitude give them more antioxidants<\/strong> and an exquisite flavor with hints of pine, rosemary, thyme and lavender.<\/span><\/p>\n<p><b>WHAT CAN I USE IT FOR?<\/b><\/p>\n<p><span style=\"font-weight: 400;\">We recommend always eating it raw to keep all its vitamins and antioxidants intact.  <\/span><\/p>\n<p><span style=\"font-weight: 400;\">You can enjoy these oils in your salads, toasts, p\u00e2t\u00e9s, ham, cheeses, or drizzle on your pizzas, purees, creams, meats&#8230;<\/span><\/p>\n<p><span style=\"font-weight: 400;\">Free your imagination to give more character and creaminess to your favorite dishes.&nbsp;<\/span><\/p>\n<p><span style=\"font-weight: 400;\">&nbsp;<\/span><\/p>\n<p><b>TIPS:<\/b><\/p>\n<p><b>For this EVOO to retain its maximum quality, we recommend keeping it protected from light and heat at all times.&nbsp;<\/b><\/p>\n<p><b>This way it will keep all its properties as the first day.&nbsp;<\/b><\/p>\n<p><b>Remember that the oil does not expire, but may gradually lose its properties over time.&nbsp;<\/b><\/p>\n<p><b>Best before date: <\/b><span style=\"font-size: 14px;\">12 months in which we assure you that if you keep it in optimal conditions, it will continue to maintain all its properties. <\/span><span style=\"font-size: 14px;\">After this date, it could become a virgin olive oil, remaining<\/span>optimal and beneficial for your consumption.&nbsp;<\/p>\n<p><strong><a href=\"https:\/\/aceitescazorla.com\/wp-content\/uploads\/PACK-GOURMET-GRAN-SELECCION-COSECHA-TEMPRANA-PICUAL-ROYALECOLOGICO.pdf\">Download the product data sheet here&nbsp;<\/a><\/strong><\/p>\n<p><img decoding=\"async\" class=\"emoji\" role=\"img\" draggable=\"false\" src=\"https:\/\/s.w.org\/images\/core\/emoji\/14.0.0\/svg\/27a1.svg\" alt=\"\u27a1\" title=\"\">Discover the importance of the awards <strong><span style=\"text-decoration: underline;\"><span style=\"color: #993366;\"><a style=\"font-size: 14px; background-color: #ffffff; color: #993366; text-decoration: underline;\" href=\"https:\/\/aceitescazorla.com\/que-son-los-premios-gran-seleccion\/\" target=\"_blank\" rel=\"noopener\">&#8220;Ja\u00e9n Selecci\u00f3n&#8221; by clicking here. <\/a><\/span><\/span><\/strong><\/p>\n<p><img decoding=\"async\" class=\"emoji\" role=\"img\" draggable=\"false\" src=\"https:\/\/s.w.org\/images\/core\/emoji\/14.0.0\/svg\/27a1.svg\" alt=\"\u27a1\" title=\"\">Discover<span style=\"color: #993366;\"><a style=\"color: #993366;\" href=\"https:\/\/aceitescazorla.com\/royal-premio-jaen-seleccion-2024\/\"><span style=\"text-decoration: underline;\"><strong> the characteristics of Royal Gran Selecci\u00f3n extra virgin olive oil, awarded by the &#8220;Ja\u00e9n Selecci\u00f3n&#8221; awards<\/strong><\/span><\/a> <\/span>awarded by the &#8220;Ja\u00e9n Selecci\u00f3n&#8221; prizes.&nbsp;<\/p>\t\t\t\t\t\t\t\t<\/div>\n\t\t\t\t\t<\/div>\n\t\t<\/div>\n\t\t\t\t\t<\/div>\n\t\t<\/section>\n\t\t\t\t<\/div>\n\t\t","protected":false},"excerpt":{"rendered":"<p>Pack of 3 Extra Virgin Olive Oils &#8220;Gran Selecci\u00f3n&#8221; of Early Harvest,<\/p>\n<p>Includes bottle &#8220;Royal Gran Selecci\u00f3n&#8221; awarded with the prize &#8220;Ja\u00e9n Selecci\u00f3n 2024&#8221;.<\/p>\n<p>&nbsp;<\/p>\n<p>&nbsp;<\/p>\n","protected":false},"featured_media":29307,"comment_status":"open","ping_status":"closed","template":"","meta":{"ocean_post_layout":"","ocean_both_sidebars_style":"","ocean_both_sidebars_content_width":0,"ocean_both_sidebars_sidebars_width":0,"ocean_sidebar":"0","ocean_second_sidebar":"0","ocean_disable_margins":"enable","ocean_add_body_class":"","ocean_shortcode_before_top_bar":"","ocean_shortcode_after_top_bar":"","ocean_shortcode_before_header":"","ocean_shortcode_after_header":"","ocean_has_shortcode":"","ocean_shortcode_after_title":"","ocean_shortcode_before_footer_widgets":"","ocean_shortcode_after_footer_widgets":"","ocean_shortcode_before_footer_bottom":"","ocean_shortcode_after_footer_bottom":"","ocean_display_top_bar":"default","ocean_display_header":"default","ocean_header_style":"","ocean_center_header_left_menu":"0","ocean_custom_header_template":"0","ocean_custom_logo":0,"ocean_custom_retina_logo":0,"ocean_custom_logo_max_width":0,"ocean_custom_logo_tablet_max_width":0,"ocean_custom_logo_mobile_max_width":0,"ocean_custom_logo_max_height":0,"ocean_custom_logo_tablet_max_height":0,"ocean_custom_logo_mobile_max_height":0,"ocean_header_custom_menu":"0","ocean_menu_typo_font_family":"0","ocean_menu_typo_font_subset":"","ocean_menu_typo_font_size":0,"ocean_menu_typo_font_size_tablet":0,"ocean_menu_typo_font_size_mobile":0,"ocean_menu_typo_font_size_unit":"px","ocean_menu_typo_font_weight":"","ocean_menu_typo_font_weight_tablet":"","ocean_menu_typo_font_weight_mobile":"","ocean_menu_typo_transform":"","ocean_menu_typo_transform_tablet":"","ocean_menu_typo_transform_mobile":"","ocean_menu_typo_line_height":0,"ocean_menu_typo_line_height_tablet":0,"ocean_menu_typo_line_height_mobile":0,"ocean_menu_typo_line_height_unit":"","ocean_menu_typo_spacing":0,"ocean_menu_typo_spacing_tablet":0,"ocean_menu_typo_spacing_mobile":0,"ocean_menu_typo_spacing_unit":"","ocean_menu_link_color":"","ocean_menu_link_color_hover":"","ocean_menu_link_color_active":"","ocean_menu_link_background":"","ocean_menu_link_hover_background":"","ocean_menu_link_active_background":"","ocean_menu_social_links_bg":"","ocean_menu_social_hover_links_bg":"","ocean_menu_social_links_color":"","ocean_menu_social_hover_links_color":"","ocean_disable_title":"default","ocean_disable_heading":"default","ocean_post_title":"","ocean_post_subheading":"","ocean_post_title_style":"","ocean_post_title_background_color":"","ocean_post_title_background":0,"ocean_post_title_bg_image_position":"","ocean_post_title_bg_image_attachment":"","ocean_post_title_bg_image_repeat":"","ocean_post_title_bg_image_size":"","ocean_post_title_height":0,"ocean_post_title_bg_overlay":0.5,"ocean_post_title_bg_overlay_color":"","ocean_disable_breadcrumbs":"default","ocean_breadcrumbs_color":"","ocean_breadcrumbs_separator_color":"","ocean_breadcrumbs_links_color":"","ocean_breadcrumbs_links_hover_color":"","ocean_display_footer_widgets":"default","ocean_display_footer_bottom":"default","ocean_custom_footer_template":"0"},"product_brand":[],"product_cat":[123,120],"product_tag":[124],"class_list":{"0":"post-32903","1":"product","2":"type-product","3":"status-publish","4":"has-post-thumbnail","6":"product_cat-evoo-packs","7":"product_cat-premium-oil","8":"product_tag-evoo","10":"entry","11":"has-media","13":"first","14":"outofstock","15":"featured","16":"taxable","17":"shipping-taxable","18":"purchasable","19":"product-type-simple","20":"has-product-nav","21":"col","22":"span_1_of_3","23":"owp-content-center","24":"item-entry","25":"owp-thumbs-layout-horizontal","26":"owp-btn-big","27":"owp-tabs-layout-section"},"tiered_pricing_type":"fixed","tiered_pricing_fixed_rules":[],"tiered_pricing_product_settings":{"layout":"default","base_unit_name":{"singular":null,"plural":null},"default_variation":null},"tiered_pricing_minimum_quantity":null,"tiered_pricing_roles_data":[],"tiered_pricing_percentage_rules":[],"tiered_pricing_maximum_quantity":null,"tiered_pricing_quantity_step":null,"_links":{"self":[{"href":"https:\/\/aceitescazorla.com\/en\/wp-json\/wp\/v2\/product\/32903","targetHints":{"allow":["GET"]}}],"collection":[{"href":"https:\/\/aceitescazorla.com\/en\/wp-json\/wp\/v2\/product"}],"about":[{"href":"https:\/\/aceitescazorla.com\/en\/wp-json\/wp\/v2\/types\/product"}],"replies":[{"embeddable":true,"href":"https:\/\/aceitescazorla.com\/en\/wp-json\/wp\/v2\/comments?post=32903"}],"version-history":[{"count":5,"href":"https:\/\/aceitescazorla.com\/en\/wp-json\/wp\/v2\/product\/32903\/revisions"}],"predecessor-version":[{"id":36758,"href":"https:\/\/aceitescazorla.com\/en\/wp-json\/wp\/v2\/product\/32903\/revisions\/36758"}],"wp:featuredmedia":[{"embeddable":true,"href":"https:\/\/aceitescazorla.com\/en\/wp-json\/wp\/v2\/media\/29307"}],"wp:attachment":[{"href":"https:\/\/aceitescazorla.com\/en\/wp-json\/wp\/v2\/media?parent=32903"}],"wp:term":[{"taxonomy":"product_brand","embeddable":true,"href":"https:\/\/aceitescazorla.com\/en\/wp-json\/wp\/v2\/product_brand?post=32903"},{"taxonomy":"product_cat","embeddable":true,"href":"https:\/\/aceitescazorla.com\/en\/wp-json\/wp\/v2\/product_cat?post=32903"},{"taxonomy":"product_tag","embeddable":true,"href":"https:\/\/aceitescazorla.com\/en\/wp-json\/wp\/v2\/product_tag?post=32903"}],"curies":[{"name":"wp","href":"https:\/\/api.w.org\/{rel}","templated":true}]}}